{"id":39338,"date":"2024-09-27T10:55:17","date_gmt":"2024-09-27T08:55:17","guid":{"rendered":"https:\/\/beyondgreen.it\/green\/"},"modified":"2024-11-08T08:20:09","modified_gmt":"2024-11-08T07:20:09","slug":"green","status":"publish","type":"page","link":"https:\/\/beyondgreen.it\/it\/green\/","title":{"rendered":"Green"},"content":{"rendered":"\t\t<div data-elementor-type=\"wp-page\" data-elementor-id=\"39338\" class=\"elementor elementor-39338 elementor-36482\" data-elementor-post-type=\"page\">\n\t\t\t\t<div class=\"elementor-element elementor-element-64429b0 e-con-full e-flex e-con e-parent\" data-id=\"64429b0\" data-element_type=\"container\" data-e-type=\"container\">\n\t\t\t\t<div class=\"elementor-element elementor-element-843b25e elementor-widget elementor-widget-slider_revolution\" data-id=\"843b25e\" data-element_type=\"widget\" data-e-type=\"widget\" data-widget_type=\"slider_revolution.default\">\n\t\t\t\t<div class=\"elementor-widget-container\">\n\t\t\t\t\t\n\t\t<div class=\"wp-block-themepunch-revslider\">\n\t\t\t\t<p class=\"rs-p-wp-fix\"><\/p>\n\t\t\t\t<sr7-module data-alias=\"green-1\" data-id=\"7\" id=\"SR7_7_1\" class=\"rs-respect-topbar rs-ov-hidden\" data-version=\"6.7.51\">\n\t\t\t\t\t<sr7-adjuster><\/sr7-adjuster>\n\t\t\t\t\t<sr7-content>\n\t\t\t\t\t\t<sr7-slide id=\"SR7_7_1-57\" data-key=\"57\">\n\t\t\t\t\t\t\t<sr7-txt id=\"SR7_7_1-57-5\" class=\"sr7-layer\">Perch\u00e8 siamo green<\/sr7-txt>\n\t\t\t\t\t\t\t<sr7-txt id=\"SR7_7_1-57-7\" class=\"sr7-layer\">Per molte aziende altoatesine la<br \/>\nsostenibilit\u00e0 \u00e8 un concetto essenziale. Lo stesso vale anche per BEYOND GREEN. Il fattore \u201cgreen\u201d \u00e8 presente a tutti i livelli presso la nostra agenzia e non riguarda solo i nostri clienti, ma anche noi stessi.<br \/>\nIl nostro obiettivo \u00e8 essere consapevoli della nostra impronta ecologica.<\/sr7-txt>\n\t\t\t\t\t\t\t<sr7-txt id=\"SR7_7_1-57-16\" class=\"sr7-layer\">Il fattore \u201cgreen\u201d \u00e8 presente a tutti i livelli presso la nostra agenzia e non riguarda solo i nostri clienti, ma anche noi stessi.<\/sr7-txt>\n\t\t\t\t\t\t\t<sr7-txt id=\"SR7_7_1-57-31\" class=\"sr7-layer\">Perch\u00e8 siamo<br \/>\ngreen<\/sr7-txt>\n\t\t\t\t\t\t<\/sr7-slide>\n\t\t\t\t\t\t<sr7-slide id=\"SR7_7_1-58\" data-key=\"58\">\n\t\t\t\t\t\t\t<sr7-txt id=\"SR7_7_1-58-3\" class=\"sr7-layer\">COS\u00cc SIAMO GREEN!<\/sr7-txt>\n\t\t\t\t\t\t\t<sr7-txt id=\"SR7_7_1-58-5\" class=\"sr7-layer\">Tazze in ceramica<\/sr7-txt>\n\t\t\t\t\t\t\t<sr7-txt id=\"SR7_7_1-58-7\" class=\"sr7-layer\">In ufficio, serviamo il caff\u00e8 in tazze di ceramica e l\u2019acqua in bicchieri di vetro.<\/sr7-txt>\n\t\t\t\t\t\t\t<sr7-txt id=\"SR7_7_1-58-17\" class=\"sr7-layer\">In ufficio, serviamo il caff\u00e8 in tazze di ceramica e l\u2019acqua in bicchieri di vetro. Il riciclaggio e le misure di risparmio energetico fanno per noi parte di questo.<\/sr7-txt>\n\t\t\t\t\t\t<\/sr7-slide>\n\t\t\t\t\t\t<sr7-slide id=\"SR7_7_1-59\" data-key=\"59\">\n\t\t\t\t\t\t\t<sr7-txt id=\"SR7_7_1-59-4\" class=\"sr7-layer\">COS\u00cc SIAMO GREEN!<\/sr7-txt>\n\t\t\t\t\t\t\t<sr7-txt id=\"SR7_7_1-59-5\" class=\"sr7-layer\">Acquisti regionali<\/sr7-txt>\n\t\t\t\t\t\t\t<sr7-txt id=\"SR7_7_1-59-7\" class=\"sr7-layer\">I nostri acquisti sono per l\u201985% regionali. Quando \u00e8 possibile, scegliamo sempre aziende altoatesine per i nostri acquisti aziendali.<\/sr7-txt>\n\t\t\t\t\t\t\t<sr7-txt id=\"SR7_7_1-59-18\" class=\"sr7-layer\">I nostri acquisti sono per l\u201985% regionali. Quando \u00e8 possibile, scegliamo sempre aziende altoatesine per i nostri acquisti aziendali, perch\u00e9 sostenere la nostra regione \u00e8 molto importante per noi.<\/sr7-txt>\n\t\t\t\t\t\t<\/sr7-slide>\n\t\t\t\t\t\t<sr7-slide id=\"SR7_7_1-60\" data-key=\"60\">\n\t\t\t\t\t\t\t<sr7-txt id=\"SR7_7_1-60-4\" class=\"sr7-layer\">COS\u00cc SIAMO GREEN!<\/sr7-txt>\n\t\t\t\t\t\t\t<sr7-txt id=\"SR7_7_1-60-5\" class=\"sr7-layer\">Carta ecologica<\/sr7-txt>\n\t\t\t\t\t\t\t<sr7-txt id=\"SR7_7_1-60-7\" class=\"sr7-layer\">Se il progetto lo permette, scegliamo sempre opzioni attente all\u2019ambiente per i nostri prodotti stampati.<\/sr7-txt>\n\t\t\t\t\t\t\t<sr7-txt id=\"SR7_7_1-60-21\" class=\"sr7-layer\">Cerchiamo di indirizzare i nostri clienti verso scelte di materiali pi\u00f9 ecologici. Se il progetto lo permette, scegliamo sempre opzioni attente all\u2019ambiente per i nostri prodotti stampati.<\/sr7-txt>\n\t\t\t\t\t\t<\/sr7-slide>\n\t\t\t\t\t\t<sr7-slide id=\"SR7_7_1-61\" data-key=\"61\">\n\t\t\t\t\t\t\t<sr7-txt id=\"SR7_7_1-61-4\" class=\"sr7-layer\">COS\u00cc SIAMO GREEN!<\/sr7-txt>\n\t\t\t\t\t\t\t<sr7-txt id=\"SR7_7_1-61-5\" class=\"sr7-layer\">Raccolta differenziata<\/sr7-txt>\n\t\t\t\t\t\t\t<sr7-txt id=\"SR7_7_1-61-7\" class=\"sr7-layer\">Incoraggiamo fortemente tutti i nostri dipendenti ad approfittare della raccolta differenziata che facciamo nel magazzino.<\/sr7-txt>\n\t\t\t\t\t\t\t<sr7-txt id=\"SR7_7_1-61-22\" class=\"sr7-layer\">Incoraggiamo fortemente tutti i nostri dipendenti ad approfittare della raccolta differenziata che facciamo nel magazzino.<\/sr7-txt>\n\t\t\t\t\t\t<\/sr7-slide>\n\t\t\t\t\t\t<sr7-slide id=\"SR7_7_1-62\" data-key=\"62\">\n\t\t\t\t\t\t\t<sr7-txt id=\"SR7_7_1-62-4\" class=\"sr7-layer\">COS\u00cc SIAMO GREEN!<\/sr7-txt>\n\t\t\t\t\t\t\t<sr7-txt id=\"SR7_7_1-62-5\" class=\"sr7-layer\">Ricarica elettrica<\/sr7-txt>\n\t\t\t\t\t\t\t<sr7-txt id=\"SR7_7_1-62-7\" class=\"sr7-layer\">Offriamo ai dipendenti la possibilit\u00e0 di ricaricare i loro veicoli elettrici nel garage aziendale, promuovendo cos\u00ec una mobilit\u00e0 ecologica.<\/sr7-txt>\n\t\t\t\t\t\t\t<sr7-txt id=\"SR7_7_1-62-25\" class=\"sr7-layer\">Offriamo ai dipendenti la possibilit\u00e0 di ricaricare i loro veicoli elettrici nel garage aziendale.<\/sr7-txt>\n\t\t\t\t\t\t<\/sr7-slide>\n\t\t\t\t\t\t<sr7-slide id=\"SR7_7_1-63\" data-key=\"63\">\n\t\t\t\t\t\t\t<sr7-bg id=\"SR7_7_1-63-15\" class=\"sr7-layer\"><noscript><img decoding=\"async\" src=\"https:\/\/www.beyondgreen.it\/wp-content\/uploads\/2023\/03\/green_dna.jpg\" alt=\"\" title=\"Green\"><\/noscript><\/sr7-bg>\n\t\t\t\t\t\t\t<sr7-txt id=\"SR7_7_1-63-5\" class=\"sr7-layer\">Green fa parte del nostro DNA<\/sr7-txt>\n\t\t\t\t\t\t\t<sr7-txt id=\"SR7_7_1-63-7\" class=\"sr7-layer\">Vi sentite chiamati in causa?<\/sr7-txt>\n\t\t\t\t\t\t\t<sr7-txt id=\"SR7_7_1-63-9\" class=\"sr7-layer\">La vostra azienda si impegna nella sostenibilit\u00e0 e agisce concretamente a favore dell\u2019ambiente ma non sei in grado di comunicare all\u2019esterno in maniera efficiente e mirata? Allora siete venuti nel posto giusto. Vi sosteniamo nella comunicazione e vi aiutiamo a gestire la vostra azienda nel modo pi\u00f9 sostenibile possibile.<\/sr7-txt>\n\t\t\t\t\t\t\t<a id=\"SR7_7_1-63-13\" class=\"sr7-layer\" href=\"https:\/\/www.beyondgreen.it\/it\/contatto\/\" target=\"_self\">Contattateci adesso<\/a>\n\t\t\t\t\t\t<\/sr7-slide>\n\t\t\t\t\t\t<sr7-slide id=\"SR7_7_1-64\" data-key=\"64\">\n\t\t\t\t\t\t\t<sr7-txt id=\"SR7_7_1-64-20\" class=\"sr7-layer\"><i class=\"material-icons\">arrow_downward<\/i><\/sr7-txt>\n\t\t\t\t\t\t\t<sr7-txt id=\"SR7_7_1-64-24\" class=\"sr7-layer\"><i class=\"material-icons\">arrow_upward<\/i><\/sr7-txt>\n\t\t\t\t\t\t<\/sr7-slide>\n\t\t\t\t\t<\/sr7-content>\n\t\t\t\t\t<image_lists style=\"display:none\">\n\t\t\t\t\t\t<img data-src=\"\/\/www.beyondgreen.it\/wp-content\/uploads\/2023\/03\/idea_green.png\" data-lib=\"medialibrary\" width=\"0\" height=\"0\" data-dbsrc=\"Ly93d3cuYmV5b25kZ3JlZW4uaXQvd3AtY29udGVudC91cGxvYWRzLzIwMjMvMDMvaWRlYV9ncmVlbi5wbmc=\"\/>\n\t\t\t\t\t\t<img data-src=\"\/\/www.beyondgreen.it\/wp-content\/uploads\/revslider\/pet-store-product-slider\/shadow.png\" data-lib=\"medialibrary\" width=\"0\" height=\"0\" data-dbsrc=\"Ly93d3cuYmV5b25kZ3JlZW4uaXQvd3AtY29udGVudC91cGxvYWRzL3JldnNsaWRlci9wZXQtc3RvcmUtcHJvZHVjdC1zbGlkZXIvc2hhZG93LnBuZw==\"\/>\n\t\t\t\t\t\t<img data-src=\"\/\/www.beyondgreen.it\/wp-content\/uploads\/2023\/03\/Flying-Mug-Mockup.png\" data-lib=\"medialibrary\" width=\"0\" height=\"0\" data-dbsrc=\"Ly93d3cuYmV5b25kZ3JlZW4uaXQvd3AtY29udGVudC91cGxvYWRzLzIwMjMvMDMvRmx5aW5nLU11Zy1Nb2NrdXAucG5n\"\/>\n\t\t\t\t\t\t<img loading=\"lazy\" data-src=\"\/\/www.beyondgreen.it\/wp-content\/uploads\/2023\/03\/apple.png\" data-lib=\"medialibrary\" width=\"0\" height=\"0\" data-dbsrc=\"Ly93d3cuYmV5b25kZ3JlZW4uaXQvd3AtY29udGVudC91cGxvYWRzLzIwMjMvMDMvYXBwbGUucG5n\"\/>\n\t\t\t\t\t\t<img loading=\"lazy\" data-src=\"\/\/www.beyondgreen.it\/wp-content\/uploads\/2023\/03\/papier.png\" data-lib=\"medialibrary\" width=\"0\" height=\"0\" data-dbsrc=\"Ly93d3cuYmV5b25kZ3JlZW4uaXQvd3AtY29udGVudC91cGxvYWRzLzIwMjMvMDMvcGFwaWVyLnBuZw==\"\/>\n\t\t\t\t\t\t<img loading=\"lazy\" data-src=\"\/\/www.beyondgreen.it\/wp-content\/uploads\/2023\/03\/glass2.png\" data-lib=\"medialibrary\" width=\"0\" height=\"0\" data-dbsrc=\"Ly93d3cuYmV5b25kZ3JlZW4uaXQvd3AtY29udGVudC91cGxvYWRzLzIwMjMvMDMvZ2xhc3MyLnBuZw==\"\/>\n\t\t\t\t\t\t<img loading=\"lazy\" data-src=\"\/\/www.beyondgreen.it\/wp-content\/uploads\/2023\/03\/paper.png\" data-lib=\"medialibrary\" width=\"0\" height=\"0\" data-dbsrc=\"Ly93d3cuYmV5b25kZ3JlZW4uaXQvd3AtY29udGVudC91cGxvYWRzLzIwMjMvMDMvcGFwZXIucG5n\"\/>\n\t\t\t\t\t\t<img loading=\"lazy\" data-src=\"\/\/www.beyondgreen.it\/wp-content\/uploads\/2023\/03\/can2.png\" data-lib=\"medialibrary\" width=\"0\" height=\"0\" data-dbsrc=\"Ly93d3cuYmV5b25kZ3JlZW4uaXQvd3AtY29udGVudC91cGxvYWRzLzIwMjMvMDMvY2FuMi5wbmc=\"\/>\n\t\t\t\t\t\t<img loading=\"lazy\" data-src=\"\/\/www.beyondgreen.it\/wp-content\/uploads\/2023\/03\/elektroauto.png\" data-lib=\"medialibrary\" width=\"0\" height=\"0\" data-dbsrc=\"Ly93d3cuYmV5b25kZ3JlZW4uaXQvd3AtY29udGVudC91cGxvYWRzLzIwMjMvMDMvZWxla3Ryb2F1dG8ucG5n\"\/>\n\t\t\t\t\t\t<img loading=\"lazy\" data-src=\"\/\/www.beyondgreen.it\/wp-content\/uploads\/2023\/03\/green_dna.jpg\" data-lib=\"medialibrary\" width=\"0\" height=\"0\" data-dbsrc=\"Ly93d3cuYmV5b25kZ3JlZW4uaXQvd3AtY29udGVudC91cGxvYWRzLzIwMjMvMDMvZ3JlZW5fZG5hLmpwZw==\"\/>\n\t\t\t\t\t<\/image_lists>\n\t\t\t\t<\/sr7-module>\n\t\t\t\t<script>\n\t\t\t\t\twindow.SR7 ??={};SR7.PMH ??={}; SR7.PMH[\"SR7_7_1\"] = {cn:100,state:false,fn: function() { if (window._tpt!==undefined && window._tpt.prepareModuleHeight !== undefined) {  _tpt.prepareModuleHeight({id:\"SR7_7_1\",el:[900,900,500,960,984],type:'standard',shdw:'0',gh:[900,900,500,960,720],gw:[1240,1240,1024,778,480],vpt:['100px&#039;,&#039;100px&#039;,&#039;100px&#039;,&#039;100px&#039;,&#039;100px'],size:{fullWidth:true, fullHeight:true},fho:'#masthead,',mh:'0',onh:0,onw:0,bg:{color:'{\"type\":\"solid\",\"orig\":\"#0c0c0c\",\"string\":\"rgba(12, 12, 12, 1)\"}'}});   SR7.PMH[\"SR7_7_1\"].state=true;} else if(SR7.PMH[\"SR7_7_1\"].cn-->0)\tsetTimeout( SR7.PMH[\"SR7_7_1\"].fn,19);}};SR7.PMH[\"SR7_7_1\" ].fn();\n\t\t\t\t<\/script>\n<\/div>\n\n\t\t\t\t\t\t<\/div>\n\t\t\t\t<\/div>\n\t\t\t\t<\/div>\n\t\t\t\t<\/div>\n\t\t","protected":false},"excerpt":{"rendered":"","protected":false},"author":1,"featured_media":0,"parent":0,"menu_order":0,"comment_status":"closed","ping_status":"closed","template":"","meta":{"inline_featured_image":false,"footnotes":""},"class_list":["post-39338","page","type-page","status-publish","hentry"],"yoast_head":"<!-- This site is optimized with the Yoast SEO Premium plugin v27.2 (Yoast SEO v27.2) - https:\/\/yoast.com\/product\/yoast-seo-premium-wordpress\/ -->\n<title>Green - Beyondgreen<\/title>\n<meta name=\"robots\" content=\"index, follow, max-snippet:-1, max-image-preview:large, max-video-preview:-1\" \/>\n<link rel=\"canonical\" href=\"https:\/\/beyondgreen.it\/it\/green\/\" \/>\n<meta property=\"og:locale\" content=\"it_IT\" \/>\n<meta property=\"og:type\" content=\"article\" \/>\n<meta property=\"og:title\" content=\"Green\" \/>\n<meta property=\"og:url\" content=\"https:\/\/beyondgreen.it\/it\/green\/\" \/>\n<meta property=\"og:site_name\" content=\"Beyondgreen\" \/>\n<meta property=\"article:modified_time\" content=\"2024-11-08T07:20:09+00:00\" \/>\n<meta name=\"twitter:card\" content=\"summary_large_image\" \/>\n<meta name=\"twitter:label1\" content=\"Tempo di lettura stimato\" \/>\n\t<meta name=\"twitter:data1\" content=\"4 minuti\" \/>\n<script type=\"application\/ld+json\" class=\"yoast-schema-graph\">{\"@context\":\"https:\/\/schema.org\",\"@graph\":[{\"@type\":\"WebPage\",\"@id\":\"https:\/\/beyondgreen.it\/it\/green\/\",\"url\":\"https:\/\/beyondgreen.it\/it\/green\/\",\"name\":\"Green - Beyondgreen\",\"isPartOf\":{\"@id\":\"https:\/\/beyondgreen.it\/it\/#website\"},\"datePublished\":\"2024-09-27T08:55:17+00:00\",\"dateModified\":\"2024-11-08T07:20:09+00:00\",\"breadcrumb\":{\"@id\":\"https:\/\/beyondgreen.it\/it\/green\/#breadcrumb\"},\"inLanguage\":\"it-IT\",\"potentialAction\":[{\"@type\":\"ReadAction\",\"target\":[\"https:\/\/beyondgreen.it\/it\/green\/\"]}]},{\"@type\":\"BreadcrumbList\",\"@id\":\"https:\/\/beyondgreen.it\/it\/green\/#breadcrumb\",\"itemListElement\":[{\"@type\":\"ListItem\",\"position\":1,\"name\":\"Home\",\"item\":\"https:\/\/beyondgreen.it\/it\/\"},{\"@type\":\"ListItem\",\"position\":2,\"name\":\"Green\"}]},{\"@type\":\"WebSite\",\"@id\":\"https:\/\/beyondgreen.it\/it\/#website\",\"url\":\"https:\/\/beyondgreen.it\/it\/\",\"name\":\"Beyondgreen\",\"description\":\"Creative Agency\",\"publisher\":{\"@id\":\"https:\/\/beyondgreen.it\/it\/#organization\"},\"potentialAction\":[{\"@type\":\"SearchAction\",\"target\":{\"@type\":\"EntryPoint\",\"urlTemplate\":\"https:\/\/beyondgreen.it\/it\/?s={search_term_string}\"},\"query-input\":{\"@type\":\"PropertyValueSpecification\",\"valueRequired\":true,\"valueName\":\"search_term_string\"}}],\"inLanguage\":\"it-IT\"},{\"@type\":\"Organization\",\"@id\":\"https:\/\/beyondgreen.it\/it\/#organization\",\"name\":\"Beyondgreen\",\"url\":\"https:\/\/beyondgreen.it\/it\/\",\"logo\":{\"@type\":\"ImageObject\",\"inLanguage\":\"it-IT\",\"@id\":\"https:\/\/beyondgreen.it\/it\/#\/schema\/logo\/image\/\",\"url\":\"https:\/\/beyondgreen.it\/wp-content\/uploads\/2024\/09\/BG_LOGO_Refresh_2024_LOGO_2024_long.svg\",\"contentUrl\":\"https:\/\/beyondgreen.it\/wp-content\/uploads\/2024\/09\/BG_LOGO_Refresh_2024_LOGO_2024_long.svg\",\"caption\":\"Beyondgreen\"},\"image\":{\"@id\":\"https:\/\/beyondgreen.it\/it\/#\/schema\/logo\/image\/\"}}]}<\/script>\n<!-- \/ Yoast SEO Premium plugin. -->","yoast_head_json":{"title":"Green - Beyondgreen","robots":{"index":"index","follow":"follow","max-snippet":"max-snippet:-1","max-image-preview":"max-image-preview:large","max-video-preview":"max-video-preview:-1"},"canonical":"https:\/\/beyondgreen.it\/it\/green\/","og_locale":"it_IT","og_type":"article","og_title":"Green","og_url":"https:\/\/beyondgreen.it\/it\/green\/","og_site_name":"Beyondgreen","article_modified_time":"2024-11-08T07:20:09+00:00","twitter_card":"summary_large_image","twitter_misc":{"Tempo di lettura stimato":"4 minuti"},"schema":{"@context":"https:\/\/schema.org","@graph":[{"@type":"WebPage","@id":"https:\/\/beyondgreen.it\/it\/green\/","url":"https:\/\/beyondgreen.it\/it\/green\/","name":"Green - Beyondgreen","isPartOf":{"@id":"https:\/\/beyondgreen.it\/it\/#website"},"datePublished":"2024-09-27T08:55:17+00:00","dateModified":"2024-11-08T07:20:09+00:00","breadcrumb":{"@id":"https:\/\/beyondgreen.it\/it\/green\/#breadcrumb"},"inLanguage":"it-IT","potentialAction":[{"@type":"ReadAction","target":["https:\/\/beyondgreen.it\/it\/green\/"]}]},{"@type":"BreadcrumbList","@id":"https:\/\/beyondgreen.it\/it\/green\/#breadcrumb","itemListElement":[{"@type":"ListItem","position":1,"name":"Home","item":"https:\/\/beyondgreen.it\/it\/"},{"@type":"ListItem","position":2,"name":"Green"}]},{"@type":"WebSite","@id":"https:\/\/beyondgreen.it\/it\/#website","url":"https:\/\/beyondgreen.it\/it\/","name":"Beyondgreen","description":"Creative Agency","publisher":{"@id":"https:\/\/beyondgreen.it\/it\/#organization"},"potentialAction":[{"@type":"SearchAction","target":{"@type":"EntryPoint","urlTemplate":"https:\/\/beyondgreen.it\/it\/?s={search_term_string}"},"query-input":{"@type":"PropertyValueSpecification","valueRequired":true,"valueName":"search_term_string"}}],"inLanguage":"it-IT"},{"@type":"Organization","@id":"https:\/\/beyondgreen.it\/it\/#organization","name":"Beyondgreen","url":"https:\/\/beyondgreen.it\/it\/","logo":{"@type":"ImageObject","inLanguage":"it-IT","@id":"https:\/\/beyondgreen.it\/it\/#\/schema\/logo\/image\/","url":"https:\/\/beyondgreen.it\/wp-content\/uploads\/2024\/09\/BG_LOGO_Refresh_2024_LOGO_2024_long.svg","contentUrl":"https:\/\/beyondgreen.it\/wp-content\/uploads\/2024\/09\/BG_LOGO_Refresh_2024_LOGO_2024_long.svg","caption":"Beyondgreen"},"image":{"@id":"https:\/\/beyondgreen.it\/it\/#\/schema\/logo\/image\/"}}]}},"_links":{"self":[{"href":"https:\/\/beyondgreen.it\/it\/wp-json\/wp\/v2\/pages\/39338","targetHints":{"allow":["GET"]}}],"collection":[{"href":"https:\/\/beyondgreen.it\/it\/wp-json\/wp\/v2\/pages"}],"about":[{"href":"https:\/\/beyondgreen.it\/it\/wp-json\/wp\/v2\/types\/page"}],"author":[{"embeddable":true,"href":"https:\/\/beyondgreen.it\/it\/wp-json\/wp\/v2\/users\/1"}],"replies":[{"embeddable":true,"href":"https:\/\/beyondgreen.it\/it\/wp-json\/wp\/v2\/comments?post=39338"}],"version-history":[{"count":0,"href":"https:\/\/beyondgreen.it\/it\/wp-json\/wp\/v2\/pages\/39338\/revisions"}],"wp:attachment":[{"href":"https:\/\/beyondgreen.it\/it\/wp-json\/wp\/v2\/media?parent=39338"}],"curies":[{"name":"wp","href":"https:\/\/api.w.org\/{rel}","templated":true}]}}